{"id":9358,"date":"2025-02-03T11:58:17","date_gmt":"2025-02-03T10:58:17","guid":{"rendered":"https:\/\/duesseldorf-festival.de\/?page_id=9358"},"modified":"2025-02-04T14:00:45","modified_gmt":"2025-02-04T13:00:45","slug":"festival-magazine-3","status":"publish","type":"page","link":"https:\/\/duesseldorf-festival.de\/en\/festival-magazine-3\/","title":{"rendered":"Newsletter"},"content":{"rendered":"<p><div class=\"fusion-fullwidth fullwidth-box fusion-builder-row-1 fusion-flex-container has-pattern-background has-mask-background nonhundred-percent-fullwidth non-hundred-percent-height-scrolling\" style=\"--awb-background-position:left center;--awb-border-radius-top-left:0px;--awb-border-radius-top-right:0px;--awb-border-radius-bottom-right:0px;--awb-border-radius-bottom-left:0px;--awb-padding-top-medium:64px;--awb-padding-right-medium:20px;--awb-padding-left-medium:20px;--awb-padding-right-small:20px;--awb-padding-left-small:20px;--awb-background-image:linear-gradient(170deg, #fdfd31 0%,#6c6a00 100%);--awb-flex-wrap:wrap;\" ><div class=\"fusion-builder-row fusion-row fusion-flex-align-items-flex-start fusion-flex-content-wrap\" style=\"max-width:1441.44px;margin-left: calc(-4% \/ 2 );margin-right: calc(-4% \/ 2 );\"><div class=\"fusion-layout-column fusion_builder_column fusion-builder-column-0 fusion_builder_column_1_4 1_4 fusion-flex-column fusion-no-small-visibility fusion-no-medium-visibility\" style=\"--awb-bg-size:cover;--awb-width-large:25%;--awb-margin-top-large:0px;--awb-spacing-right-large:7.68%;--awb-margin-bottom-large:20px;--awb-spacing-left-large:7.68%;--awb-width-medium:25%;--awb-order-medium:0;--awb-spacing-right-medium:7.68%;--awb-spacing-left-medium:7.68%;--awb-width-small:100%;--awb-order-small:0;--awb-spacing-right-small:1.92%;--awb-spacing-left-small:1.92%;\" data-scroll-devices=\"small-visibility,medium-visibility,large-visibility\"><div class=\"fusion-column-wrapper fusion-column-has-shadow fusion-flex-justify-content-flex-start fusion-content-layout-column\"><\/div><\/div><div class=\"fusion-layout-column fusion_builder_column fusion-builder-column-1 fusion_builder_column_1_2 1_2 fusion-flex-column\" style=\"--awb-z-index:2;--awb-bg-size:cover;--awb-width-large:50%;--awb-margin-top-large:0px;--awb-spacing-right-large:3.84%;--awb-margin-bottom-large:20px;--awb-spacing-left-large:3.84%;--awb-width-medium:100%;--awb-order-medium:0;--awb-spacing-right-medium:1.92%;--awb-spacing-left-medium:1.92%;--awb-width-small:100%;--awb-order-small:0;--awb-spacing-right-small:1.92%;--awb-spacing-left-small:1.92%;\" data-scroll-devices=\"small-visibility,medium-visibility,large-visibility\"><div class=\"fusion-column-wrapper fusion-column-has-shadow fusion-flex-justify-content-flex-start fusion-content-layout-column\"><div class=\"fusion-title title fusion-title-1 fusion-sep-none fusion-title-center fusion-title-text fusion-title-size-two text-offset\" style=\"--awb-text-color:var(--awb-color1);--awb-margin-top:64px;--awb-margin-bottom:0px;\"><h2 class=\"fusion-title-heading title-heading-center\" style=\"margin:0;\"><p>Stay up<br \/>\nto date<\/p><\/h2><\/div><script type=\"text\/javascript\" src=\"https:\/\/forms.sbc35.com\/form.js\"><\/script>\n<div class=\"fusion-form fusion-form-builder fusion-form-form-wrapper fusion-form-4093 newsletter-wrapper\">\n<form id=\"sb_form\" onsubmit=\"process2( 'https:\/\/services.sarbacane.com\/core\/v1\/forms\/contacts\/upsert?listID=7E9rkKhuRH2q49LQcmlQYg&formID=wC2UvZMeRn6mkIVTjNz7tw&timezone=Europe\/Paris', 'https:\/\/forms.sbc31.net\/', '5f96dcb6b95cee64186b5fc0', 'true', 'message', '', 'https:\/\/services.sarbacane.com\/core\/v1\/transactional\/sendmessage\/optin', 'Danke', 'Ihre Informationen wurde erfolgreich hinzugef\u00fcgt', 'Sie werden eine E-Mail erhalten', 'Sie m\u00fcssen auf den Best\u00e4tigungslink klicken, um Ihre Anmeldung zu best\u00e4tigen', 'Fehler', 'Ein unerwarteter Fehler ist aufgetreten.', 'Das Formular wird bearbeitet, bitte warten Sie einen Moment, bevor Sie es erneut versuchen.', 'wC2UvZMeRn6mkIVTjNz7tw', 'DE', 'Mailify', '', '' ); return false;\" method=\"post\">\n\n  <div class=\"fusion-form-field fusion-form-email-field fusion-form-label-above\">\n  \t<input id=\"input-email\" type=\"email\" name=\"email\" required=\"true\" sb-form-input=\"\" placeholder=\"Enter your e-mail address\">\n  <\/div>\n  <div class=\"fusion-form-field fusion-form-submit-field fusion-form-label-above\">\n    <div id=\"div-submitInput\">\n      <button id=\"submitInput\" type=\"submit\" class=\"fusion-button button-flat fusion-button-default-size button-custom fusion-button-default button-10 fusion-button-default-span form-form-submit button-default fusion-has-button-gradient mobile-FW\" value=\"Register\" style=\"--button_accent_color:var(--awb-color1);--button_accent_hover_color:var(--awb-color1);--button_border_hover_color:var(--awb-color1);--button_gradient_top_color:#fd38f9;--button_gradient_bottom_color:#4b004a;--button_gradient_top_color_hover:hsla(var(--awb-color5-h),calc(var(--awb-color5-s) - 5%),calc(var(--awb-color5-l) - 10%),var(--awb-color5-a));--button_gradient_bottom_color_hover:hsla(var(--awb-color5-h),calc(var(--awb-color5-s) - 5%),calc(var(--awb-color5-l) - 10%),var(--awb-color5-a));--button_text_transform:uppercase;--button_font_size:18px;--button_line_height:21.6px;--button_padding-top:6px;--button_padding-right:18px;--button_padding-bottom:6px;--button_padding-left:18px;--button_typography-font-family:\" staatliches=\"\"><span class=\"fusion-button-text\">Register<\/span><\/button>\n      <div class=\"loader\" style=\"display:none\"><\/div>\n    <\/div>\n  <\/div>\n\n\n<\/form>\n<\/div><\/div><\/div><div class=\"fusion-layout-column fusion_builder_column fusion-builder-column-2 fusion_builder_column_1_4 1_4 fusion-flex-column fusion-no-small-visibility fusion-no-medium-visibility\" style=\"--awb-bg-size:cover;--awb-width-large:25%;--awb-margin-top-large:0px;--awb-spacing-right-large:7.68%;--awb-margin-bottom-large:20px;--awb-spacing-left-large:7.68%;--awb-width-medium:25%;--awb-order-medium:0;--awb-spacing-right-medium:7.68%;--awb-spacing-left-medium:7.68%;--awb-width-small:100%;--awb-order-small:0;--awb-spacing-right-small:1.92%;--awb-spacing-left-small:1.92%;\" data-scroll-devices=\"small-visibility,medium-visibility,large-visibility\"><div class=\"fusion-column-wrapper fusion-column-has-shadow fusion-flex-justify-content-flex-start fusion-content-layout-column\"><\/div><\/div><\/div><\/div>\n<div class=\"fusion-fullwidth fullwidth-box fusion-builder-row-2 fusion-flex-container has-pattern-background has-mask-background reverse-columns nonhundred-percent-fullwidth non-hundred-percent-height-scrolling\" style=\"--awb-border-radius-top-left:0px;--awb-border-radius-top-right:0px;--awb-border-radius-bottom-right:0px;--awb-border-radius-bottom-left:0px;--awb-padding-right-medium:20px;--awb-padding-left-medium:20px;--awb-margin-top:128px;--awb-margin-bottom:128px;--awb-margin-top-medium:0px;--awb-margin-top-small:64px;--awb-margin-bottom-small:64px;--awb-flex-wrap:wrap;\" ><div class=\"fusion-builder-row fusion-row fusion-flex-align-items-flex-start fusion-flex-content-wrap\" style=\"max-width:1441.44px;margin-left: calc(-4% \/ 2 );margin-right: calc(-4% \/ 2 );\"><div class=\"fusion-layout-column fusion_builder_column fusion-builder-column-3 fusion_builder_column_1_2 1_2 fusion-flex-column\" style=\"--awb-bg-size:cover;--awb-width-large:50%;--awb-margin-top-large:0px;--awb-spacing-right-large:3.84%;--awb-margin-bottom-large:20px;--awb-spacing-left-large:9.6%;--awb-width-medium:50%;--awb-order-medium:0;--awb-spacing-right-medium:3.84%;--awb-spacing-left-medium:9.6%;--awb-width-small:100%;--awb-order-small:0;--awb-spacing-right-small:1.92%;--awb-spacing-left-small:1.92%;\" data-scroll-devices=\"small-visibility,medium-visibility,large-visibility\"><div class=\"fusion-column-wrapper fusion-column-has-shadow fusion-flex-justify-content-flex-start fusion-content-layout-column\"><div class=\"fusion-title title fusion-title-2 fusion-sep-none fusion-title-text fusion-title-size-paragraph text-offset-left h1\" style=\"--awb-margin-bottom:64px;--awb-font-size:72px;\"><p class=\"fusion-title-heading title-heading-left title-heading-tag\" style=\"margin:0;font-size:1em;line-height:74.4px;\"><div style=\"display: grid;\">Newsletter<\/div><\/p><\/div><div class=\"fusion-text fusion-text-1 fusion-text-no-margin\" style=\"--awb-margin-bottom:32px;--awb-margin-left:18%;\"><p>Don&#8217;t miss any news from the D\u00fcsseldorf Festival! With our newsletter you will regularly receive exciting updates, exclusive insights and important information straight to your inbox. Simply enter your e-mail address to be added to the mailing list for future issues. Of course, you can unsubscribe from the newsletter at any time using the unsubscribe link in each issue.<\/p>\n<\/div><\/div><\/div><div class=\"fusion-layout-column fusion_builder_column fusion-builder-column-4 fusion_builder_column_1_2 1_2 fusion-flex-column\" style=\"--awb-bg-size:cover;--awb-width-large:50%;--awb-margin-top-large:0px;--awb-spacing-right-large:19.2%;--awb-margin-bottom-large:20px;--awb-spacing-left-large:3.84%;--awb-width-medium:50%;--awb-order-medium:0;--awb-spacing-right-medium:19.2%;--awb-spacing-left-medium:3.84%;--awb-width-small:100%;--awb-order-small:0;--awb-spacing-right-small:1.92%;--awb-spacing-left-small:1.92%;\" data-scroll-devices=\"small-visibility,medium-visibility,large-visibility\"><div class=\"fusion-column-wrapper fusion-column-has-shadow fusion-flex-justify-content-flex-start fusion-content-layout-column\"><div class=\"fusion-image-element md-text-align-center\" style=\"text-align:right;--awb-aspect-ratio:1 \/ 1;--awb-object-position:23% 53%;--awb-max-width:392px;--awb-caption-title-font-family:var(--h2_typography-font-family);--awb-caption-title-font-weight:var(--h2_typography-font-weight);--awb-caption-title-font-style:var(--h2_typography-font-style);--awb-caption-title-size:var(--h2_typography-font-size);--awb-caption-title-transform:var(--h2_typography-text-transform);--awb-caption-title-line-height:var(--h2_typography-line-height);--awb-caption-title-letter-spacing:var(--h2_typography-letter-spacing);\"><div style=\"display:inline-block;width:392px;\"><span class=\" fusion-imageframe imageframe-none imageframe-1 hover-type-none has-aspect-ratio\" style=\"border-radius:50%;\"><img decoding=\"async\" width=\"2200\" height=\"2200\" title=\"Guru-Dudu-\u00a9Tarekhansen-mindflow-2\" src=\"https:\/\/duesseldorf-festival.de\/wp-content\/uploads\/2024\/11\/Guru-Dudu-\u00a9Tarekhansen-mindflow-2.gif\" class=\"img-responsive wp-image-9276 img-with-aspect-ratio\" alt \/><\/span><\/div><\/div><div class=\"fusion-image-element fusion-no-small-visibility fusion-no-medium-visibility\" style=\"text-align:left;--awb-aspect-ratio:1 \/ 1;--awb-object-position:26% 47%;--awb-max-width:180px;--awb-caption-title-font-family:var(--h2_typography-font-family);--awb-caption-title-font-weight:var(--h2_typography-font-weight);--awb-caption-title-font-style:var(--h2_typography-font-style);--awb-caption-title-size:var(--h2_typography-font-size);--awb-caption-title-transform:var(--h2_typography-text-transform);--awb-caption-title-line-height:var(--h2_typography-line-height);--awb-caption-title-letter-spacing:var(--h2_typography-letter-spacing);\"><div style=\"display:inline-block;width:180px;\"><span class=\" fusion-imageframe imageframe-none imageframe-2 hover-type-none has-aspect-ratio\" style=\"border-radius:50%;\"><img decoding=\"async\" width=\"2200\" height=\"2200\" title=\"Silhouetten-vor-Trib\u00fcne-\u00a9Duesseldorf-Festival\" src=\"https:\/\/duesseldorf-festival.de\/wp-content\/uploads\/2024\/11\/Silhouetten-vor-Tribuene-\u00a9Duesseldorf-Festival.gif\" class=\"img-responsive wp-image-9278 img-with-aspect-ratio\" alt \/><\/span><\/div><\/div><\/div><\/div><\/div><\/div><\/p>\n","protected":false},"excerpt":{"rendered":"","protected":false},"author":6,"featured_media":0,"parent":0,"menu_order":0,"comment_status":"closed","ping_status":"closed","template":"100-width.php","meta":{"_acf_changed":false,"footnotes":""},"class_list":["post-9358","page","type-page","status-publish","hentry"],"acf":[],"yoast_head":"<!-- This site is optimized with the Yoast SEO plugin v22.5 - https:\/\/yoast.com\/wordpress\/plugins\/seo\/ -->\n<title>Newsletter - D\u00dcSSELDORF FESTIVAL<\/title>\n<meta name=\"description\" content=\"Subscribe to the D\u00fcsseldorf Festival newsletter! Don&#039;t miss any more news.\" \/>\n<meta name=\"robots\" content=\"index, follow, max-snippet:-1, max-image-preview:large, max-video-preview:-1\" \/>\n<link rel=\"canonical\" href=\"https:\/\/duesseldorf-festival.de\/en\/festival-magazine-3\/\" \/>\n<meta property=\"og:locale\" content=\"en_US\" \/>\n<meta property=\"og:type\" content=\"article\" \/>\n<meta property=\"og:title\" content=\"Newsletter - D\u00dcSSELDORF FESTIVAL\" \/>\n<meta property=\"og:description\" content=\"Subscribe to the D\u00fcsseldorf Festival newsletter! Don&#039;t miss any more news.\" \/>\n<meta property=\"og:url\" content=\"https:\/\/duesseldorf-festival.de\/en\/festival-magazine-3\/\" \/>\n<meta property=\"og:site_name\" content=\"D\u00dcSSELDORF FESTIVAL\" \/>\n<meta property=\"article:modified_time\" content=\"2025-02-04T13:00:45+00:00\" \/>\n<meta name=\"twitter:card\" content=\"summary_large_image\" \/>\n<meta name=\"twitter:label1\" content=\"Est. reading time\" \/>\n\t<meta name=\"twitter:data1\" content=\"1 minute\" \/>\n<script type=\"application\/ld+json\" class=\"yoast-schema-graph\">{\"@context\":\"https:\/\/schema.org\",\"@graph\":[{\"@type\":\"WebPage\",\"@id\":\"https:\/\/duesseldorf-festival.de\/en\/festival-magazine-3\/\",\"url\":\"https:\/\/duesseldorf-festival.de\/en\/festival-magazine-3\/\",\"name\":\"Newsletter - D\u00dcSSELDORF FESTIVAL\",\"isPartOf\":{\"@id\":\"https:\/\/duesseldorf-festival.de\/#website\"},\"datePublished\":\"2025-02-03T10:58:17+00:00\",\"dateModified\":\"2025-02-04T13:00:45+00:00\",\"description\":\"Subscribe to the D\u00fcsseldorf Festival newsletter! Don't miss any more news.\",\"breadcrumb\":{\"@id\":\"https:\/\/duesseldorf-festival.de\/en\/festival-magazine-3\/#breadcrumb\"},\"inLanguage\":\"en-US\",\"potentialAction\":[{\"@type\":\"ReadAction\",\"target\":[\"https:\/\/duesseldorf-festival.de\/en\/festival-magazine-3\/\"]}]},{\"@type\":\"BreadcrumbList\",\"@id\":\"https:\/\/duesseldorf-festival.de\/en\/festival-magazine-3\/#breadcrumb\",\"itemListElement\":[{\"@type\":\"ListItem\",\"position\":1,\"name\":\"Home\",\"item\":\"https:\/\/duesseldorf-festival.de\/en\/home-en\/\"},{\"@type\":\"ListItem\",\"position\":2,\"name\":\"Newsletter\"}]},{\"@type\":\"WebSite\",\"@id\":\"https:\/\/duesseldorf-festival.de\/#website\",\"url\":\"https:\/\/duesseldorf-festival.de\/\",\"name\":\"D\u00dcSSELDORF FESTIVAL\",\"description\":\"\",\"potentialAction\":[{\"@type\":\"SearchAction\",\"target\":{\"@type\":\"EntryPoint\",\"urlTemplate\":\"https:\/\/duesseldorf-festival.de\/?s={search_term_string}\"},\"query-input\":\"required name=search_term_string\"}],\"inLanguage\":\"en-US\"}]}<\/script>\n<!-- \/ Yoast SEO plugin. -->","yoast_head_json":{"title":"Newsletter - D\u00dcSSELDORF FESTIVAL","description":"Subscribe to the D\u00fcsseldorf Festival newsletter! Don't miss any more news.","robots":{"index":"index","follow":"follow","max-snippet":"max-snippet:-1","max-image-preview":"max-image-preview:large","max-video-preview":"max-video-preview:-1"},"canonical":"https:\/\/duesseldorf-festival.de\/en\/festival-magazine-3\/","og_locale":"en_US","og_type":"article","og_title":"Newsletter - D\u00dcSSELDORF FESTIVAL","og_description":"Subscribe to the D\u00fcsseldorf Festival newsletter! Don't miss any more news.","og_url":"https:\/\/duesseldorf-festival.de\/en\/festival-magazine-3\/","og_site_name":"D\u00dcSSELDORF FESTIVAL","article_modified_time":"2025-02-04T13:00:45+00:00","twitter_card":"summary_large_image","twitter_misc":{"Est. reading time":"1 minute"},"schema":{"@context":"https:\/\/schema.org","@graph":[{"@type":"WebPage","@id":"https:\/\/duesseldorf-festival.de\/en\/festival-magazine-3\/","url":"https:\/\/duesseldorf-festival.de\/en\/festival-magazine-3\/","name":"Newsletter - D\u00dcSSELDORF FESTIVAL","isPartOf":{"@id":"https:\/\/duesseldorf-festival.de\/#website"},"datePublished":"2025-02-03T10:58:17+00:00","dateModified":"2025-02-04T13:00:45+00:00","description":"Subscribe to the D\u00fcsseldorf Festival newsletter! Don't miss any more news.","breadcrumb":{"@id":"https:\/\/duesseldorf-festival.de\/en\/festival-magazine-3\/#breadcrumb"},"inLanguage":"en-US","potentialAction":[{"@type":"ReadAction","target":["https:\/\/duesseldorf-festival.de\/en\/festival-magazine-3\/"]}]},{"@type":"BreadcrumbList","@id":"https:\/\/duesseldorf-festival.de\/en\/festival-magazine-3\/#breadcrumb","itemListElement":[{"@type":"ListItem","position":1,"name":"Home","item":"https:\/\/duesseldorf-festival.de\/en\/home-en\/"},{"@type":"ListItem","position":2,"name":"Newsletter"}]},{"@type":"WebSite","@id":"https:\/\/duesseldorf-festival.de\/#website","url":"https:\/\/duesseldorf-festival.de\/","name":"D\u00dcSSELDORF FESTIVAL","description":"","potentialAction":[{"@type":"SearchAction","target":{"@type":"EntryPoint","urlTemplate":"https:\/\/duesseldorf-festival.de\/?s={search_term_string}"},"query-input":"required name=search_term_string"}],"inLanguage":"en-US"}]}},"_links":{"self":[{"href":"https:\/\/duesseldorf-festival.de\/en\/wp-json\/wp\/v2\/pages\/9358","targetHints":{"allow":["GET"]}}],"collection":[{"href":"https:\/\/duesseldorf-festival.de\/en\/wp-json\/wp\/v2\/pages"}],"about":[{"href":"https:\/\/duesseldorf-festival.de\/en\/wp-json\/wp\/v2\/types\/page"}],"author":[{"embeddable":true,"href":"https:\/\/duesseldorf-festival.de\/en\/wp-json\/wp\/v2\/users\/6"}],"replies":[{"embeddable":true,"href":"https:\/\/duesseldorf-festival.de\/en\/wp-json\/wp\/v2\/comments?post=9358"}],"version-history":[{"count":10,"href":"https:\/\/duesseldorf-festival.de\/en\/wp-json\/wp\/v2\/pages\/9358\/revisions"}],"predecessor-version":[{"id":9412,"href":"https:\/\/duesseldorf-festival.de\/en\/wp-json\/wp\/v2\/pages\/9358\/revisions\/9412"}],"wp:attachment":[{"href":"https:\/\/duesseldorf-festival.de\/en\/wp-json\/wp\/v2\/media?parent=9358"}],"curies":[{"name":"wp","href":"https:\/\/api.w.org\/{rel}","templated":true}]}}