{"id":8919,"date":"2024-07-23T15:59:00","date_gmt":"2024-07-23T13:59:00","guid":{"rendered":"https:\/\/duesseldorf-festival.de\/conditions-of-participation-for-competitions\/"},"modified":"2024-07-31T14:14:58","modified_gmt":"2024-07-31T12:14:58","slug":"conditions-of-participation-for-competitions","status":"publish","type":"page","link":"https:\/\/duesseldorf-festival.de\/en\/conditions-of-participation-for-competitions\/","title":{"rendered":"Conditions of participation for competitions"},"content":{"rendered":"<div class=\"fusion-fullwidth fullwidth-box fusion-builder-row-1 fusion-flex-container has-pattern-background has-mask-background nonhundred-percent-fullwidth non-hundred-percent-height-scrolling\" style=\"--awb-border-radius-top-left:0px;--awb-border-radius-top-right:0px;--awb-border-radius-bottom-right:0px;--awb-border-radius-bottom-left:0px;--awb-flex-wrap:wrap;\" ><div class=\"fusion-builder-row fusion-row fusion-flex-align-items-flex-start fusion-flex-content-wrap\" style=\"max-width:1441.44px;margin-left: calc(-4% \/ 2 );margin-right: calc(-4% \/ 2 );\"><div class=\"fusion-layout-column fusion_builder_column fusion-builder-column-0 fusion_builder_column_3_5 3_5 fusion-flex-column\" style=\"--awb-bg-size:cover;--awb-width-large:60%;--awb-margin-top-large:0px;--awb-spacing-right-large:3.2%;--awb-margin-bottom-large:0px;--awb-spacing-left-large:3.2%;--awb-width-medium:100%;--awb-order-medium:0;--awb-spacing-right-medium:1.92%;--awb-spacing-left-medium:1.92%;--awb-width-small:100%;--awb-order-small:0;--awb-spacing-right-small:1.92%;--awb-spacing-left-small:1.92%;\" data-scroll-devices=\"small-visibility,medium-visibility,large-visibility\"><div class=\"fusion-column-wrapper fusion-column-has-shadow fusion-flex-justify-content-flex-start fusion-content-layout-column\"><div class=\"fusion-title title fusion-title-1 fusion-sep-none fusion-title-text fusion-title-size-one\" style=\"--awb-margin-bottom:64px;--awb-margin-left:20px;--awb-margin-left-small:10px;--awb-margin-left-medium:10px;\"><h1 class=\"fusion-title-heading title-heading-left\" style=\"margin:0;\">Conditions of participation for competitions of the D\u00fcsseldorf Festival!<\/h1><\/div><div class=\"fusion-text fusion-text-1\" style=\"--awb-margin-left:20px;\"><p><strong>1. organizer<\/strong> The competition is organized by D\u00fcsseldorf Festival, Bolkerstra\u00dfe 14-16 40213 D\u00fcsseldorf. <strong>2. eligibility<\/strong> All natural persons aged 18 and over who are resident in Germany are eligible to participate. Employees of the organizer and their relatives are excluded from participation. <strong>3. participation period <\/strong>As stated in the post. 4. observe the<strong> conditions<\/strong> of participation of the respective post. <strong>5. prize<\/strong> The specific prize will be stated in the respective post. The prize is non-transferable and cannot be paid out in cash. <strong>6 Determination of the winner and notification<\/strong> The winner will be selected at random after the closing date for entries. The winner will be notified by direct message on Instagram within 14 days of the end of the competition. If the winner does not respond within 7 days of notification, we reserve the right to select a new winner. <strong>7. legal recourse <\/strong>Legal recourse is excluded. Complaints or legal claims cannot be asserted. <strong>8. data protection<\/strong> The data collected as part of the competition will only be used to carry out the competition and will be deleted after the end of the competition. Further information on our data protection can be found in our privacy policy https:\/\/duesseldorf-festival.de\/datenschutz\/ .<strong> 9 Liability<\/strong> The organizer accepts no liability for technical faults that affect participation in the competition. <strong>10. Miscellaneous<\/strong> This competition is in no way connected to Instagram and is in no way sponsored, supported or organized by Instagram. By participating in this competition, participants accept these terms and conditions.<\/p>\n<\/div><\/div><\/div><\/div><\/div>\n","protected":false},"excerpt":{"rendered":"","protected":false},"author":6,"featured_media":0,"parent":0,"menu_order":0,"comment_status":"closed","ping_status":"closed","template":"100-width.php","meta":{"_acf_changed":false,"footnotes":""},"class_list":["post-8919","page","type-page","status-publish","hentry"],"acf":[],"yoast_head":"<!-- This site is optimized with the Yoast SEO plugin v22.5 - https:\/\/yoast.com\/wordpress\/plugins\/seo\/ -->\n<title>Conditions of participation for competitions - D\u00dcSSELDORF FESTIVAL<\/title>\n<meta name=\"robots\" content=\"index, follow, max-snippet:-1, max-image-preview:large, max-video-preview:-1\" \/>\n<link rel=\"canonical\" href=\"https:\/\/duesseldorf-festival.de\/en\/conditions-of-participation-for-competitions\/\" \/>\n<meta property=\"og:locale\" content=\"en_US\" \/>\n<meta property=\"og:type\" content=\"article\" \/>\n<meta property=\"og:title\" content=\"Conditions of participation for competitions - D\u00dcSSELDORF FESTIVAL\" \/>\n<meta property=\"og:url\" content=\"https:\/\/duesseldorf-festival.de\/en\/conditions-of-participation-for-competitions\/\" \/>\n<meta property=\"og:site_name\" content=\"D\u00dcSSELDORF FESTIVAL\" \/>\n<meta property=\"article:modified_time\" content=\"2024-07-31T12:14:58+00:00\" \/>\n<meta name=\"twitter:card\" content=\"summary_large_image\" \/>\n<meta name=\"twitter:label1\" content=\"Est. reading time\" \/>\n\t<meta name=\"twitter:data1\" content=\"8 minutes\" \/>\n<script type=\"application\/ld+json\" class=\"yoast-schema-graph\">{\"@context\":\"https:\/\/schema.org\",\"@graph\":[{\"@type\":\"WebPage\",\"@id\":\"https:\/\/duesseldorf-festival.de\/en\/conditions-of-participation-for-competitions\/\",\"url\":\"https:\/\/duesseldorf-festival.de\/en\/conditions-of-participation-for-competitions\/\",\"name\":\"Conditions of participation for competitions - D\u00dcSSELDORF FESTIVAL\",\"isPartOf\":{\"@id\":\"https:\/\/duesseldorf-festival.de\/#website\"},\"datePublished\":\"2024-07-23T13:59:00+00:00\",\"dateModified\":\"2024-07-31T12:14:58+00:00\",\"breadcrumb\":{\"@id\":\"https:\/\/duesseldorf-festival.de\/en\/conditions-of-participation-for-competitions\/#breadcrumb\"},\"inLanguage\":\"en-US\",\"potentialAction\":[{\"@type\":\"ReadAction\",\"target\":[\"https:\/\/duesseldorf-festival.de\/en\/conditions-of-participation-for-competitions\/\"]}]},{\"@type\":\"BreadcrumbList\",\"@id\":\"https:\/\/duesseldorf-festival.de\/en\/conditions-of-participation-for-competitions\/#breadcrumb\",\"itemListElement\":[{\"@type\":\"ListItem\",\"position\":1,\"name\":\"Home\",\"item\":\"https:\/\/duesseldorf-festival.de\/en\/home-en\/\"},{\"@type\":\"ListItem\",\"position\":2,\"name\":\"Conditions of participation for competitions\"}]},{\"@type\":\"WebSite\",\"@id\":\"https:\/\/duesseldorf-festival.de\/#website\",\"url\":\"https:\/\/duesseldorf-festival.de\/\",\"name\":\"D\u00dcSSELDORF FESTIVAL\",\"description\":\"\",\"potentialAction\":[{\"@type\":\"SearchAction\",\"target\":{\"@type\":\"EntryPoint\",\"urlTemplate\":\"https:\/\/duesseldorf-festival.de\/?s={search_term_string}\"},\"query-input\":\"required name=search_term_string\"}],\"inLanguage\":\"en-US\"}]}<\/script>\n<!-- \/ Yoast SEO plugin. -->","yoast_head_json":{"title":"Conditions of participation for competitions - D\u00dcSSELDORF FESTIVAL","robots":{"index":"index","follow":"follow","max-snippet":"max-snippet:-1","max-image-preview":"max-image-preview:large","max-video-preview":"max-video-preview:-1"},"canonical":"https:\/\/duesseldorf-festival.de\/en\/conditions-of-participation-for-competitions\/","og_locale":"en_US","og_type":"article","og_title":"Conditions of participation for competitions - D\u00dcSSELDORF FESTIVAL","og_url":"https:\/\/duesseldorf-festival.de\/en\/conditions-of-participation-for-competitions\/","og_site_name":"D\u00dcSSELDORF FESTIVAL","article_modified_time":"2024-07-31T12:14:58+00:00","twitter_card":"summary_large_image","twitter_misc":{"Est. reading time":"8 minutes"},"schema":{"@context":"https:\/\/schema.org","@graph":[{"@type":"WebPage","@id":"https:\/\/duesseldorf-festival.de\/en\/conditions-of-participation-for-competitions\/","url":"https:\/\/duesseldorf-festival.de\/en\/conditions-of-participation-for-competitions\/","name":"Conditions of participation for competitions - D\u00dcSSELDORF FESTIVAL","isPartOf":{"@id":"https:\/\/duesseldorf-festival.de\/#website"},"datePublished":"2024-07-23T13:59:00+00:00","dateModified":"2024-07-31T12:14:58+00:00","breadcrumb":{"@id":"https:\/\/duesseldorf-festival.de\/en\/conditions-of-participation-for-competitions\/#breadcrumb"},"inLanguage":"en-US","potentialAction":[{"@type":"ReadAction","target":["https:\/\/duesseldorf-festival.de\/en\/conditions-of-participation-for-competitions\/"]}]},{"@type":"BreadcrumbList","@id":"https:\/\/duesseldorf-festival.de\/en\/conditions-of-participation-for-competitions\/#breadcrumb","itemListElement":[{"@type":"ListItem","position":1,"name":"Home","item":"https:\/\/duesseldorf-festival.de\/en\/home-en\/"},{"@type":"ListItem","position":2,"name":"Conditions of participation for competitions"}]},{"@type":"WebSite","@id":"https:\/\/duesseldorf-festival.de\/#website","url":"https:\/\/duesseldorf-festival.de\/","name":"D\u00dcSSELDORF FESTIVAL","description":"","potentialAction":[{"@type":"SearchAction","target":{"@type":"EntryPoint","urlTemplate":"https:\/\/duesseldorf-festival.de\/?s={search_term_string}"},"query-input":"required name=search_term_string"}],"inLanguage":"en-US"}]}},"_links":{"self":[{"href":"https:\/\/duesseldorf-festival.de\/en\/wp-json\/wp\/v2\/pages\/8919","targetHints":{"allow":["GET"]}}],"collection":[{"href":"https:\/\/duesseldorf-festival.de\/en\/wp-json\/wp\/v2\/pages"}],"about":[{"href":"https:\/\/duesseldorf-festival.de\/en\/wp-json\/wp\/v2\/types\/page"}],"author":[{"embeddable":true,"href":"https:\/\/duesseldorf-festival.de\/en\/wp-json\/wp\/v2\/users\/6"}],"replies":[{"embeddable":true,"href":"https:\/\/duesseldorf-festival.de\/en\/wp-json\/wp\/v2\/comments?post=8919"}],"version-history":[{"count":5,"href":"https:\/\/duesseldorf-festival.de\/en\/wp-json\/wp\/v2\/pages\/8919\/revisions"}],"predecessor-version":[{"id":8924,"href":"https:\/\/duesseldorf-festival.de\/en\/wp-json\/wp\/v2\/pages\/8919\/revisions\/8924"}],"wp:attachment":[{"href":"https:\/\/duesseldorf-festival.de\/en\/wp-json\/wp\/v2\/media?parent=8919"}],"curies":[{"name":"wp","href":"https:\/\/api.w.org\/{rel}","templated":true}]}}