{"id":8411,"date":"2024-06-19T15:08:25","date_gmt":"2024-06-19T13:08:25","guid":{"rendered":"https:\/\/duesseldorf-festival.de\/?page_id=8411"},"modified":"2025-02-04T14:36:54","modified_gmt":"2025-02-04T13:36:54","slug":"committees","status":"publish","type":"page","link":"https:\/\/duesseldorf-festival.de\/en\/committees\/","title":{"rendered":"Committees"},"content":{"rendered":"<h1>Our Committees<\/h1>\n<p>&nbsp;<\/p>\n<h2>Board of Trustees<\/h2>\n<p>The Board of Trustees of the D\u00fcsseldorf Festival! is a supporting and advisory body of the festival. This is where important partners and sponsors of the festival from business, politics and social life in the state capital D\u00fcsseldorf come together.<\/p>\n<h3>Chairperson<\/h3>\n<p>Robert Lamers (Fortin M\u00fchlenwerke GmbH &amp; Co. KG &#8211; Managing Partner)<\/p>\n<h3>Members<\/h3>\n<p>Dr. Lutz Aengevelt (Aengevelt Immobilien \u2013 Managing Partner)<\/p>\n<p>Dr. Karl-Hans Arnold<\/p>\n<p>Prof. Dr. Dietrich Baumgart (Gemeinschaftspraxis am Preventicum)<\/p>\n<p>Gisa Berghof (INCEAT Management Consultants GmbH \u2013 Managing Partner)<\/p>\n<p>Felix Droste (Droste Verlag und Droste Reisen)<\/p>\n<p>Thomas Geisel (Former Lord Mayor of the state capital D\u00fcsseldorf 2014-2020)<\/p>\n<p>Clara Gerlach (Spokeswoman of the Culture Committee and Mayor of the City of D\u00fcsseldorf)<\/p>\n<p>Dr. Klaus Grossmann (Taylor Wessing \u2013 Partner)<\/p>\n<p>Hartmut Haubrich (ElectronicPartner Gruppe \u2013 Chairman of the Board of Directors)<\/p>\n<p>Friedrich-Wilhelm Hempel (F.W. Hempel &amp; Co. Erze und Metalle \u2013 Managing Director)<\/p>\n<p>Dr. Stephan Keller (Lord Mayor of the State Capital D\u00fcsseldorf)<\/p>\n<p>Daniela K\u00f6nig-M\u00fchlenhoff (ehem. M\u00fchlenhoff Management Consullting)<\/p>\n<p>Miriam Koch (Councillor for Culture and Integration City of D\u00fcsseldorf)<\/p>\n<p>Hans-Georg Lohe (Former Head of Cultural Affairs of the State Capital D\u00fcsseldorf)<\/p>\n<p>Dr. Andreas Maurer (The Boston Consulting Group \u2013 Senior Partner &amp; Managing Director)<\/p>\n<p>Uwe Rittmann (PricewaterhouseCooper AG \u2013 Family Business &amp; Middle Market)<\/p>\n<p>Dieter Friedr. Ru\u00df (Hausmann Bauregie \u2013 Managing Partner)<\/p>\n<p>Winfried Siebers (Siebers Partner GmbH &amp; Co. KG \u2013 Managing Partner)<\/p>\n<p>J\u00f6rg Tomalak-Pl\u00f6nzke (ehem. \u00d6rag Rechtsschutzversicherungs-AG \u2013 Management Board)<\/p>\n<p>&nbsp;<\/p>\n<h2>Advisory Board<\/h2>\n<p>Gudrun Hock<\/p>\n<p>Robert Lamers<\/p>\n<p>Bertram M\u00fcller<\/p>\n","protected":false},"excerpt":{"rendered":"<p>Our Committees &nbsp; Board of Trustees The Board of Trustees [&hellip;]<\/p>\n","protected":false},"author":7,"featured_media":0,"parent":0,"menu_order":0,"comment_status":"closed","ping_status":"closed","template":"100-width.php","meta":{"_acf_changed":false,"footnotes":""},"class_list":["post-8411","page","type-page","status-publish","hentry"],"acf":[],"yoast_head":"<!-- This site is optimized with the Yoast SEO plugin v22.5 - https:\/\/yoast.com\/wordpress\/plugins\/seo\/ -->\n<title>Committees - D\u00dcSSELDORF FESTIVAL<\/title>\n<meta name=\"description\" content=\"The Board of Trustees of the D\u00fcsseldorf Festival! is a supporting and advisory body of the festival.\" \/>\n<meta name=\"robots\" content=\"index, follow, max-snippet:-1, max-image-preview:large, max-video-preview:-1\" \/>\n<link rel=\"canonical\" href=\"https:\/\/duesseldorf-festival.de\/en\/committees\/\" \/>\n<meta property=\"og:locale\" content=\"en_US\" \/>\n<meta property=\"og:type\" content=\"article\" \/>\n<meta property=\"og:title\" content=\"Committees - D\u00dcSSELDORF FESTIVAL\" \/>\n<meta property=\"og:description\" content=\"The Board of Trustees of the D\u00fcsseldorf Festival! is a supporting and advisory body of the festival.\" \/>\n<meta property=\"og:url\" content=\"https:\/\/duesseldorf-festival.de\/en\/committees\/\" \/>\n<meta property=\"og:site_name\" content=\"D\u00dcSSELDORF FESTIVAL\" \/>\n<meta property=\"article:modified_time\" content=\"2025-02-04T13:36:54+00:00\" \/>\n<meta name=\"twitter:card\" content=\"summary_large_image\" \/>\n<meta name=\"twitter:label1\" content=\"Est. reading time\" \/>\n\t<meta name=\"twitter:data1\" content=\"2 minutes\" \/>\n<script type=\"application\/ld+json\" class=\"yoast-schema-graph\">{\"@context\":\"https:\/\/schema.org\",\"@graph\":[{\"@type\":\"WebPage\",\"@id\":\"https:\/\/duesseldorf-festival.de\/en\/committees\/\",\"url\":\"https:\/\/duesseldorf-festival.de\/en\/committees\/\",\"name\":\"Committees - D\u00dcSSELDORF FESTIVAL\",\"isPartOf\":{\"@id\":\"https:\/\/duesseldorf-festival.de\/#website\"},\"datePublished\":\"2024-06-19T13:08:25+00:00\",\"dateModified\":\"2025-02-04T13:36:54+00:00\",\"description\":\"The Board of Trustees of the D\u00fcsseldorf Festival! is a supporting and advisory body of the festival.\",\"breadcrumb\":{\"@id\":\"https:\/\/duesseldorf-festival.de\/en\/committees\/#breadcrumb\"},\"inLanguage\":\"en-US\",\"potentialAction\":[{\"@type\":\"ReadAction\",\"target\":[\"https:\/\/duesseldorf-festival.de\/en\/committees\/\"]}]},{\"@type\":\"BreadcrumbList\",\"@id\":\"https:\/\/duesseldorf-festival.de\/en\/committees\/#breadcrumb\",\"itemListElement\":[{\"@type\":\"ListItem\",\"position\":1,\"name\":\"Home\",\"item\":\"https:\/\/duesseldorf-festival.de\/en\/\"},{\"@type\":\"ListItem\",\"position\":2,\"name\":\"Committees\"}]},{\"@type\":\"WebSite\",\"@id\":\"https:\/\/duesseldorf-festival.de\/#website\",\"url\":\"https:\/\/duesseldorf-festival.de\/\",\"name\":\"D\u00dcSSELDORF FESTIVAL\",\"description\":\"\",\"potentialAction\":[{\"@type\":\"SearchAction\",\"target\":{\"@type\":\"EntryPoint\",\"urlTemplate\":\"https:\/\/duesseldorf-festival.de\/?s={search_term_string}\"},\"query-input\":\"required name=search_term_string\"}],\"inLanguage\":\"en-US\"}]}<\/script>\n<!-- \/ Yoast SEO plugin. -->","yoast_head_json":{"title":"Committees - D\u00dcSSELDORF FESTIVAL","description":"The Board of Trustees of the D\u00fcsseldorf Festival! is a supporting and advisory body of the festival.","robots":{"index":"index","follow":"follow","max-snippet":"max-snippet:-1","max-image-preview":"max-image-preview:large","max-video-preview":"max-video-preview:-1"},"canonical":"https:\/\/duesseldorf-festival.de\/en\/committees\/","og_locale":"en_US","og_type":"article","og_title":"Committees - D\u00dcSSELDORF FESTIVAL","og_description":"The Board of Trustees of the D\u00fcsseldorf Festival! is a supporting and advisory body of the festival.","og_url":"https:\/\/duesseldorf-festival.de\/en\/committees\/","og_site_name":"D\u00dcSSELDORF FESTIVAL","article_modified_time":"2025-02-04T13:36:54+00:00","twitter_card":"summary_large_image","twitter_misc":{"Est. reading time":"2 minutes"},"schema":{"@context":"https:\/\/schema.org","@graph":[{"@type":"WebPage","@id":"https:\/\/duesseldorf-festival.de\/en\/committees\/","url":"https:\/\/duesseldorf-festival.de\/en\/committees\/","name":"Committees - D\u00dcSSELDORF FESTIVAL","isPartOf":{"@id":"https:\/\/duesseldorf-festival.de\/#website"},"datePublished":"2024-06-19T13:08:25+00:00","dateModified":"2025-02-04T13:36:54+00:00","description":"The Board of Trustees of the D\u00fcsseldorf Festival! is a supporting and advisory body of the festival.","breadcrumb":{"@id":"https:\/\/duesseldorf-festival.de\/en\/committees\/#breadcrumb"},"inLanguage":"en-US","potentialAction":[{"@type":"ReadAction","target":["https:\/\/duesseldorf-festival.de\/en\/committees\/"]}]},{"@type":"BreadcrumbList","@id":"https:\/\/duesseldorf-festival.de\/en\/committees\/#breadcrumb","itemListElement":[{"@type":"ListItem","position":1,"name":"Home","item":"https:\/\/duesseldorf-festival.de\/en\/"},{"@type":"ListItem","position":2,"name":"Committees"}]},{"@type":"WebSite","@id":"https:\/\/duesseldorf-festival.de\/#website","url":"https:\/\/duesseldorf-festival.de\/","name":"D\u00dcSSELDORF FESTIVAL","description":"","potentialAction":[{"@type":"SearchAction","target":{"@type":"EntryPoint","urlTemplate":"https:\/\/duesseldorf-festival.de\/?s={search_term_string}"},"query-input":"required name=search_term_string"}],"inLanguage":"en-US"}]}},"_links":{"self":[{"href":"https:\/\/duesseldorf-festival.de\/en\/wp-json\/wp\/v2\/pages\/8411","targetHints":{"allow":["GET"]}}],"collection":[{"href":"https:\/\/duesseldorf-festival.de\/en\/wp-json\/wp\/v2\/pages"}],"about":[{"href":"https:\/\/duesseldorf-festival.de\/en\/wp-json\/wp\/v2\/types\/page"}],"author":[{"embeddable":true,"href":"https:\/\/duesseldorf-festival.de\/en\/wp-json\/wp\/v2\/users\/7"}],"replies":[{"embeddable":true,"href":"https:\/\/duesseldorf-festival.de\/en\/wp-json\/wp\/v2\/comments?post=8411"}],"version-history":[{"count":2,"href":"https:\/\/duesseldorf-festival.de\/en\/wp-json\/wp\/v2\/pages\/8411\/revisions"}],"predecessor-version":[{"id":9436,"href":"https:\/\/duesseldorf-festival.de\/en\/wp-json\/wp\/v2\/pages\/8411\/revisions\/9436"}],"wp:attachment":[{"href":"https:\/\/duesseldorf-festival.de\/en\/wp-json\/wp\/v2\/media?parent=8411"}],"curies":[{"name":"wp","href":"https:\/\/api.w.org\/{rel}","templated":true}]}}