{"id":6353,"date":"2023-11-17T10:49:10","date_gmt":"2023-11-17T09:49:10","guid":{"rendered":"https:\/\/duesseldorf-festival.de\/imprint\/"},"modified":"2024-04-25T10:16:36","modified_gmt":"2024-04-25T08:16:36","slug":"imprint","status":"publish","type":"page","link":"https:\/\/duesseldorf-festival.de\/en\/imprint\/","title":{"rendered":"Impressum"},"content":{"rendered":"<div class=\"fusion-fullwidth fullwidth-box fusion-builder-row-1 fusion-flex-container has-pattern-background has-mask-background nonhundred-percent-fullwidth non-hundred-percent-height-scrolling\" style=\"--awb-border-radius-top-left:0px;--awb-border-radius-top-right:0px;--awb-border-radius-bottom-right:0px;--awb-border-radius-bottom-left:0px;--awb-flex-wrap:wrap;\" ><div class=\"fusion-builder-row fusion-row fusion-flex-align-items-flex-start fusion-flex-content-wrap\" style=\"max-width:1441.44px;margin-left: calc(-4% \/ 2 );margin-right: calc(-4% \/ 2 );\"><div class=\"fusion-layout-column fusion_builder_column fusion-builder-column-0 fusion_builder_column_3_5 3_5 fusion-flex-column\" style=\"--awb-bg-size:cover;--awb-width-large:60%;--awb-margin-top-large:0px;--awb-spacing-right-large:3.2%;--awb-margin-bottom-large:0px;--awb-spacing-left-large:3.2%;--awb-width-medium:100%;--awb-order-medium:0;--awb-spacing-right-medium:1.92%;--awb-spacing-left-medium:1.92%;--awb-width-small:100%;--awb-order-small:0;--awb-spacing-right-small:1.92%;--awb-spacing-left-small:1.92%;\" data-scroll-devices=\"small-visibility,medium-visibility,large-visibility\"><div class=\"fusion-column-wrapper fusion-column-has-shadow fusion-flex-justify-content-flex-start fusion-content-layout-column\"><div class=\"fusion-title title fusion-title-1 fusion-sep-none fusion-title-text fusion-title-size-one\" style=\"--awb-margin-bottom:64px;--awb-margin-left:20px;--awb-margin-left-small:20px;--awb-margin-left-medium:20px;\"><h1 class=\"fusion-title-heading title-heading-left\" style=\"margin:0;\"><h2>Impressum<\/h2><\/h1><\/div><div class=\"fusion-text fusion-text-1\" style=\"--awb-margin-left:20px;\"><div>\n<div id=\"c112\" class=\"frame frame-type-textmedia frame-layout-0 frame-space-after-small\">\n<div>\n<h3>Angaben gem\u00e4\u00df \u00a7 5 TMG:<\/h3>\n<p>D\u00fcsseldorf Festival gGmbH<br \/>\nGeschaftsf\u00fchrung:<br \/>\nChristiane Oxenfort und Andreas Dahmen<br \/>\nBolkerstra\u00dfe 14-16 \u2013 40213 D\u00fcsseldorf<br \/>\nTel. 0211.82 82 66-0<br \/>\n<a href=\"mailto:info@duesseldorf-festival.de\">info@duesseldorf-festival.de<\/a><br \/>\nHRB 33575 \u2013 Ust.-IdNr.: DE 187312499<\/p>\n<p>Verantwortlich f\u00fcr den Inhalt nach \u00a7 55 Abs. 2 RStV:<br \/>\nChristiane Oxenfort und Andreas Dahmen<\/p>\n<h3>Streitschlichtung<\/h3>\n<p>Die Europ\u00e4ische Kommission stellt eine Plattform zur Online-Streitbeilegung (OS) bereit:\u00a0<a href=\"https:\/\/ec.europa.eu\/consumers\/odr\" target=\"_blank\" rel=\"noopener noreferrer\">https:\/\/ec.europa.eu\/consumers\/odr<\/a>. Unsere E-Mail-Adresse finden Sie oben im Impressum.<br \/>\nWir sind nicht bereit oder verpflichtet, an Streitbeilegungsverfahren vor einer Verbraucherschlichtungsstelle teilzunehmen.<\/p>\n<h3>Haftung f\u00fcr Inhalte<\/h3>\n<p>Als Diensteanbieter sind wir gem\u00e4\u00df \u00a7 7 Abs.1 TMG f\u00fcr eigene Inhalte auf diesen Seiten nach den allgemeinen Gesetzen verantwortlich. Nach \u00a7\u00a7 8 bis 10 TMG sind wir als Diensteanbieter jedoch nicht verpflichtet, \u00fcbermittelte oder gespeicherte fremde Informationen zu \u00fcberwachen oder nach Umst\u00e4nden zu forschen, die auf eine rechtswidrige T\u00e4tigkeit hinweisen. Verpflichtungen zur Entfernung oder Sperrung der Nutzung von Informationen nach den allgemeinen Gesetzen bleiben hiervon unber\u00fchrt. Eine diesbez\u00fcgliche Haftung ist jedoch erst ab dem Zeitpunkt der Kenntnis einer konkreten Rechtsverletzung m\u00f6glich. Bei Bekanntwerden von entsprechenden Rechtsverletzungen werden wir diese Inhalte umgehend entfernen.<\/p>\n<h3>Haftung f\u00fcr Links<\/h3>\n<p>Unser Angebot enth\u00e4lt Links zu externen Websites Dritter, auf deren Inhalte wir keinen Einfluss haben. Deshalb k\u00f6nnen wir f\u00fcr diese fremden Inhalte auch keine Gew\u00e4hr \u00fcbernehmen. F\u00fcr die Inhalte der verlinkten Seiten ist stets der jeweilige Anbieter oder Betreiber der Seiten verantwortlich. Die verlinkten Seiten wurden zum Zeitpunkt der Verlinkung auf m\u00f6gliche Rechtsverst\u00f6\u00dfe \u00fcberpr\u00fcft. Rechtswidrige Inhalte waren zum Zeitpunkt der Verlinkung nicht erkennbar.<br \/>\nEine permanente inhaltliche Kontrolle der verlinkten Seiten ist jedoch ohne konkrete Anhaltspunkte einer Rechtsverletzung nicht zumutbar. Bei Bekanntwerden von Rechtsverletzungen werden wir derartige Links umgehend entfernen.<\/p>\n<h3>Urheberrecht<\/h3>\n<p>Die durch die Seitenbetreiber erstellten Inhalte und Werke auf diesen Seiten unterliegen dem deutschen Urheberrecht. Die Vervielf\u00e4ltigung, Bearbeitung, Verbreitung und jede Art der Verwertung au\u00dferhalb der Grenzen des Urheberrechtes bed\u00fcrfen der schriftlichen Zustimmung des jeweiligen Autors bzw. Erstellers. Downloads und Kopien dieser Seite sind nur f\u00fcr den privaten, nicht kommerziellen Gebrauch gestattet.<br \/>\nSoweit die Inhalte auf dieser Seite nicht vom Betreiber erstellt wurden, werden die Urheberrechte Dritter beachtet. Insbesondere werden Inhalte Dritter als solche gekennzeichnet. Sollten Sie trotzdem auf eine Urheberrechtsverletzung aufmerksam werden, bitten wir um einen entsprechenden Hinweis. Bei Bekanntwerden von Rechtsverletzungen werden wir derartige Inhalte umgehend entfernen.<\/p>\n<\/div>\n<\/div>\n<\/div>\n<div>\n<div id=\"c113\" class=\"frame frame-type-textmedia frame-layout-0 frame-space-after-small\">\n<header>\n<h3 class=\"element-header \"><\/h3>\n<\/header>\n<\/div>\n<\/div>\n<div>\n<div id=\"c1314\" class=\"frame frame-type-textmedia frame-layout-0\">\n<h3 class=\"element-header \">Konzept, Webdesign,\u00a0Programmierung, Hosting<\/h3>\n<p>arndtteunissen GmbH<br \/>\nMarc-Chagall-Stra\u00dfe 2<br \/>\n40477 D\u00fcsseldorf<\/p>\n<p><a href=\"https:\/\/www.arndtteunissen.de\/\">www.arndtteunissen.de<\/a><\/p>\n<\/div>\n<\/div>\n<div>\n<div id=\"c791\" class=\"frame frame-type-textmedia frame-layout-0\"><\/div>\n<\/div>\n<\/div><\/div><\/div><\/div><\/div>\n","protected":false},"excerpt":{"rendered":"","protected":false},"author":1,"featured_media":0,"parent":0,"menu_order":0,"comment_status":"closed","ping_status":"closed","template":"100-width.php","meta":{"_acf_changed":false,"footnotes":""},"class_list":["post-6353","page","type-page","status-publish","hentry"],"acf":[],"yoast_head":"<!-- This site is optimized with the Yoast SEO plugin v22.5 - https:\/\/yoast.com\/wordpress\/plugins\/seo\/ -->\n<title>Impressum - D\u00dcSSELDORF FESTIVAL<\/title>\n<meta name=\"robots\" content=\"index, follow, max-snippet:-1, max-image-preview:large, max-video-preview:-1\" \/>\n<link rel=\"canonical\" href=\"https:\/\/duesseldorf-festival.de\/en\/imprint\/\" \/>\n<meta property=\"og:locale\" content=\"en_US\" \/>\n<meta property=\"og:type\" content=\"article\" \/>\n<meta property=\"og:title\" content=\"Impressum - D\u00dcSSELDORF FESTIVAL\" \/>\n<meta property=\"og:url\" content=\"https:\/\/duesseldorf-festival.de\/en\/imprint\/\" \/>\n<meta property=\"og:site_name\" content=\"D\u00dcSSELDORF FESTIVAL\" \/>\n<meta property=\"article:modified_time\" content=\"2024-04-25T08:16:36+00:00\" \/>\n<meta name=\"twitter:card\" content=\"summary_large_image\" \/>\n<meta name=\"twitter:label1\" content=\"Est. reading time\" \/>\n\t<meta name=\"twitter:data1\" content=\"3 minutes\" \/>\n<script type=\"application\/ld+json\" class=\"yoast-schema-graph\">{\"@context\":\"https:\/\/schema.org\",\"@graph\":[{\"@type\":\"WebPage\",\"@id\":\"https:\/\/duesseldorf-festival.de\/en\/imprint\/\",\"url\":\"https:\/\/duesseldorf-festival.de\/en\/imprint\/\",\"name\":\"Impressum - D\u00dcSSELDORF FESTIVAL\",\"isPartOf\":{\"@id\":\"https:\/\/duesseldorf-festival.de\/#website\"},\"datePublished\":\"2023-11-17T09:49:10+00:00\",\"dateModified\":\"2024-04-25T08:16:36+00:00\",\"breadcrumb\":{\"@id\":\"https:\/\/duesseldorf-festival.de\/en\/imprint\/#breadcrumb\"},\"inLanguage\":\"en-US\",\"potentialAction\":[{\"@type\":\"ReadAction\",\"target\":[\"https:\/\/duesseldorf-festival.de\/en\/imprint\/\"]}]},{\"@type\":\"BreadcrumbList\",\"@id\":\"https:\/\/duesseldorf-festival.de\/en\/imprint\/#breadcrumb\",\"itemListElement\":[{\"@type\":\"ListItem\",\"position\":1,\"name\":\"Home\",\"item\":\"https:\/\/duesseldorf-festival.de\/en\/\"},{\"@type\":\"ListItem\",\"position\":2,\"name\":\"Impressum\"}]},{\"@type\":\"WebSite\",\"@id\":\"https:\/\/duesseldorf-festival.de\/#website\",\"url\":\"https:\/\/duesseldorf-festival.de\/\",\"name\":\"D\u00dcSSELDORF FESTIVAL\",\"description\":\"\",\"potentialAction\":[{\"@type\":\"SearchAction\",\"target\":{\"@type\":\"EntryPoint\",\"urlTemplate\":\"https:\/\/duesseldorf-festival.de\/?s={search_term_string}\"},\"query-input\":\"required name=search_term_string\"}],\"inLanguage\":\"en-US\"}]}<\/script>\n<!-- \/ Yoast SEO plugin. -->","yoast_head_json":{"title":"Impressum - D\u00dcSSELDORF FESTIVAL","robots":{"index":"index","follow":"follow","max-snippet":"max-snippet:-1","max-image-preview":"max-image-preview:large","max-video-preview":"max-video-preview:-1"},"canonical":"https:\/\/duesseldorf-festival.de\/en\/imprint\/","og_locale":"en_US","og_type":"article","og_title":"Impressum - D\u00dcSSELDORF FESTIVAL","og_url":"https:\/\/duesseldorf-festival.de\/en\/imprint\/","og_site_name":"D\u00dcSSELDORF FESTIVAL","article_modified_time":"2024-04-25T08:16:36+00:00","twitter_card":"summary_large_image","twitter_misc":{"Est. reading time":"3 minutes"},"schema":{"@context":"https:\/\/schema.org","@graph":[{"@type":"WebPage","@id":"https:\/\/duesseldorf-festival.de\/en\/imprint\/","url":"https:\/\/duesseldorf-festival.de\/en\/imprint\/","name":"Impressum - D\u00dcSSELDORF FESTIVAL","isPartOf":{"@id":"https:\/\/duesseldorf-festival.de\/#website"},"datePublished":"2023-11-17T09:49:10+00:00","dateModified":"2024-04-25T08:16:36+00:00","breadcrumb":{"@id":"https:\/\/duesseldorf-festival.de\/en\/imprint\/#breadcrumb"},"inLanguage":"en-US","potentialAction":[{"@type":"ReadAction","target":["https:\/\/duesseldorf-festival.de\/en\/imprint\/"]}]},{"@type":"BreadcrumbList","@id":"https:\/\/duesseldorf-festival.de\/en\/imprint\/#breadcrumb","itemListElement":[{"@type":"ListItem","position":1,"name":"Home","item":"https:\/\/duesseldorf-festival.de\/en\/"},{"@type":"ListItem","position":2,"name":"Impressum"}]},{"@type":"WebSite","@id":"https:\/\/duesseldorf-festival.de\/#website","url":"https:\/\/duesseldorf-festival.de\/","name":"D\u00dcSSELDORF FESTIVAL","description":"","potentialAction":[{"@type":"SearchAction","target":{"@type":"EntryPoint","urlTemplate":"https:\/\/duesseldorf-festival.de\/?s={search_term_string}"},"query-input":"required name=search_term_string"}],"inLanguage":"en-US"}]}},"_links":{"self":[{"href":"https:\/\/duesseldorf-festival.de\/en\/wp-json\/wp\/v2\/pages\/6353","targetHints":{"allow":["GET"]}}],"collection":[{"href":"https:\/\/duesseldorf-festival.de\/en\/wp-json\/wp\/v2\/pages"}],"about":[{"href":"https:\/\/duesseldorf-festival.de\/en\/wp-json\/wp\/v2\/types\/page"}],"author":[{"embeddable":true,"href":"https:\/\/duesseldorf-festival.de\/en\/wp-json\/wp\/v2\/users\/1"}],"replies":[{"embeddable":true,"href":"https:\/\/duesseldorf-festival.de\/en\/wp-json\/wp\/v2\/comments?post=6353"}],"version-history":[{"count":2,"href":"https:\/\/duesseldorf-festival.de\/en\/wp-json\/wp\/v2\/pages\/6353\/revisions"}],"predecessor-version":[{"id":8131,"href":"https:\/\/duesseldorf-festival.de\/en\/wp-json\/wp\/v2\/pages\/6353\/revisions\/8131"}],"wp:attachment":[{"href":"https:\/\/duesseldorf-festival.de\/en\/wp-json\/wp\/v2\/media?parent=6353"}],"curies":[{"name":"wp","href":"https:\/\/api.w.org\/{rel}","templated":true}]}}